{"id":6,"date":"2022-07-27T13:34:08","date_gmt":"2022-07-27T13:34:08","guid":{"rendered":"https:\/\/mtmd.tn\/home\/"},"modified":"2024-03-15T10:43:00","modified_gmt":"2024-03-15T09:43:00","slug":"home","status":"publish","type":"page","link":"https:\/\/mtmd.tn\/","title":{"rendered":"Corporation Home"},"content":{"rendered":"<p><div class=\"fusion-fullwidth fullwidth-box fusion-builder-row-1 fusion-flex-container video-background has-pattern-background has-mask-background nonhundred-percent-fullwidth non-hundred-percent-height-scrolling lazyload\" style=\"--link_hover_color: var(--awb-color5);--link_color: var(--awb-color5);--awb-background-position:center top;--awb-border-color:var(--awb-color1);--awb-border-radius-top-left:0px;--awb-border-radius-top-right:0px;--awb-border-radius-bottom-right:0px;--awb-border-radius-bottom-left:0px;--awb-padding-top:250px;--awb-padding-top-medium:185px;--awb-padding-top-small:149px;--awb-padding-right-small:40px;--awb-padding-left-small:40px;--awb-margin-bottom-medium:0px;--awb-margin-bottom-small:60px;--awb-background-color:var(--awb-color8);--awb-background-image:linear-gradient(152deg, hsla(var(--awb-color8-h),var(--awb-color8-s),var(--awb-color8-l),calc(var(--awb-color8-a) - 60%)) 0%,hsla(var(--awb-color8-h),var(--awb-color8-s),var(--awb-color8-l),calc(var(--awb-color8-a) - 60%)) 70%);;--awb-flex-wrap:wrap;\" data-bg=\"https:\/\/avada.theme-fusion.com\/corporation\/wp-content\/uploads\/sites\/170\/2022\/07\/banner-02.jpg\" data-bg-gradient=\"linear-gradient(152deg, hsla(var(--awb-color8-h),var(--awb-color8-s),var(--awb-color8-l),calc(var(--awb-color8-a) - 60%)) 0%,hsla(var(--awb-color8-h),var(--awb-color8-s),var(--awb-color8-l),calc(var(--awb-color8-a) - 60%)) 70%)\" ><div class=\"fullwidth-video\"><video preload=\"auto\" autoplay playsinline loop muted><source src=\"http:\/\/mtmd.tn\/wp-content\/uploads\/2024\/03\/Video-sans-titre-\u2010-Realisee-avec-Clipchamp.mp4\" type=\"video\/mp4\"><\/video><\/div><div class=\"fullwidth-overlay\" style=\"background-image: linear-gradient(152deg, hsla(var(--awb-color8-h),var(--awb-color8-s),var(--awb-color8-l),calc(var(--awb-color8-a) - 60%)) 0%,hsla(var(--awb-color8-h),var(--awb-color8-s),var(--awb-color8-l),calc(var(--awb-color8-a) - 60%)) 70%);\"><\/div><div class=\"awb-background-mask\" style=\"background-image:  url(data:image\/svg+xml;utf8,%3Csvg%20width%3D%221920%22%20height%3D%22954%22%20fill%3D%22none%22%20xmlns%3D%22http%3A%2F%2Fwww.w3.org%2F2000%2Fsvg%22%3E%3Cg%20clip-path%3D%22url%28%23prefix__clip0_75_23031%29%22%20fill%3D%22rgba%2815%2C35%2C133%2C1%29%22%3E%3Cpath%20d%3D%22M1321.57%20538C1357.08%20287.516%201273.7%2089.91%201127-.418L1374.18-6c65.77%20100.68-15.89%20431.512-52.61%20544zM312%20955c432.242%200%20746.77-180.667%20850-271-90.34%20157.09-176.766%20246.121-208.688%20271H312z%22%20fill%3D%22rgba%2866%2C90%2C158%2C1%29%22%20fill-opacity%3D%22.25%22%2F%3E%3Cpath%20d%3D%22M1344.5%20427c0-252.4-212.67-390.833-319-428.5H1373c70%2082.4%2010.17%20320-28.5%20428.5z%22%20fill%3D%22rgba%2866%2C90%2C158%2C1%29%22%20fill-opacity%3D%22.1%22%2F%3E%3Cpath%20fill-rule%3D%22evenodd%22%20clip-rule%3D%22evenodd%22%20d%3D%22M839.644%20954C1138.37%20793.549%201337%20508.902%201337%20184.5c0-63.218-7.54-124.926-21.9-184.5H1920v954H839.644zm0%200C676.842%201041.44%20484.311%201092%20278%201092c-584.87%200-1059-406.302-1059-907.5S-306.87-723%20278-723c511.098%200%20937.63%20310.269%201037.1%20723H0v954h839.644z%22%20fill%3D%22rgba%2866%2C90%2C158%2C1%29%22%20fill-opacity%3D%22.5%22%2F%3E%3Cpath%20fill-rule%3D%22evenodd%22%20clip-rule%3D%22evenodd%22%20d%3D%22M1011.55%20954C1221.42%20793.95%201353%20564.007%201353%20308.5c0-108.584-23.76-212.552-67.2-308.5H1920v954h-908.45zm0%200c-187.291%20142.83-436.933%20230-711.05%20230C-280.78%201184-752%20792.025-752%20308.5S-280.78-567%20300.5-567c450.743%200%20835.31%20235.692%20985.3%20567H0v954h1011.55z%22%2F%3E%3C%2Fg%3E%3Cdefs%3E%3CclipPath%20id%3D%22prefix__clip0_75_23031%22%3E%3Cpath%20fill%3D%22%23fff%22%20d%3D%22M0%200h1920v954H0z%22%2F%3E%3C%2FclipPath%3E%3C%2Fdefs%3E%3C%2Fsvg%3E);opacity: 1 ;transform: scale(-1, -1);\"><\/div><div class=\"fusion-builder-row fusion-row fusion-flex-align-items-center fusion-flex-content-wrap\" style=\"max-width:1248px;margin-left: calc(-4% \/ 2 );margin-right: calc(-4% \/ 2 );\"><div class=\"fusion-layout-column fusion_builder_column fusion-builder-column-0 fusion_builder_column_2_3 2_3 fusion-flex-column fusion-animated\" style=\"--awb-padding-bottom-medium:0px;--awb-bg-size:cover;--awb-width-large:66.666666666667%;--awb-margin-top-large:0px;--awb-spacing-right-large:2.88%;--awb-margin-bottom-large:0px;--awb-spacing-left-large:55px;--awb-width-medium:66.666666666667%;--awb-order-medium:0;--awb-spacing-right-medium:2.88%;--awb-spacing-left-medium:20px;--awb-width-small:100%;--awb-order-small:0;--awb-spacing-right-small:1.92%;--awb-spacing-left-small:20px;\" data-animationType=\"fadeInRight\" data-animationDuration=\"1.3\" data-animationOffset=\"top-into-view\"><div class=\"fusion-column-wrapper fusion-column-has-shadow fusion-flex-justify-content-flex-start fusion-content-layout-column\"><div class=\"fusion-title title fusion-title-1 fusion-no-small-visibility fusion-sep-none fusion-title-text fusion-title-size-one\" style=\"--awb-text-color:var(--awb-color1);--awb-margin-bottom:30px;--awb-font-size:56px;\"><h1 class=\"fusion-title-heading title-heading-left\" style=\"margin:0;font-size:1em;\"><p>Une mutuelle con\u00e7ue<\/p>\n<p>par des dentistes,<\/p>\n<p>pour des\u00a0dentistes.<\/p><\/h1><\/div><div ><a class=\"fusion-button button-flat fusion-button-default-size button-default fusion-button-default button-1 fusion-button-default-span \" style=\"--button_bevel_color:var(--awb-color4);--button_bevel_color_hover:var(--awb-color4);--button_padding-top:18px;--button_padding-right:40px;--button_padding-bottom:18px;--button_padding-left:40px;\" target=\"_self\" data-hover=\"text_slide_up\" href=\"https:\/\/mtmd.tn\/\"><div class=\"awb-button-text-transition\"><span class=\"fusion-button-text\">J&#8217;adh\u00e8re<\/span><span class=\"fusion-button-text\">J&#8217;adh\u00e8re<\/span><\/div><\/a><\/div><\/div><\/div><div class=\"fusion-layout-column fusion_builder_column fusion-builder-column-1 fusion_builder_column_1_1 1_1 fusion-flex-column\" style=\"--awb-bg-size:cover;--awb-width-large:100%;--awb-margin-top-large:120px;--awb-spacing-right-large:1.92%;--awb-margin-bottom-large:0px;--awb-spacing-left-large:1.92%;--awb-width-medium:100%;--awb-order-medium:0;--awb-spacing-right-medium:1.92%;--awb-spacing-left-medium:1.92%;--awb-width-small:100%;--awb-order-small:0;--awb-margin-top-small:91px;--awb-spacing-right-small:1.92%;--awb-spacing-left-small:1.92%;\"><div class=\"fusion-column-wrapper fusion-column-has-shadow fusion-flex-justify-content-flex-start fusion-content-layout-column\"><div class=\"fusion-section-separator section-separator big-half-circle fusion-section-separator-1\" style=\"--awb-spacer-height:50px;--awb-svg-margin-left:1.92%;--awb-svg-margin-right:1.92%;--awb-svg-margin-left-medium:1.92%;--awb-svg-margin-right-medium:1.92%;--awb-svg-margin-left-small:1.92%;--awb-svg-margin-right-small:1.92%;--awb-divider-height:50px;--awb-spacer-padding-top:inherit;--awb-sep-padding:0;--awb-svg-padding:0;--awb-margin-bottom:-2px;\"><div class=\"fusion-section-separator-svg\"><svg class=\"fusion-big-half-circle-candy\" xmlns=\"http:\/\/www.w3.org\/2000\/svg\" version=\"1.1\" width=\"100%\" height=\"100\" viewBox=\"0 0 100 100\" preserveAspectRatio=\"none\" fill=\"rgba(255,255,255,1)\"><path d=\"M0 100 C40 0 60 0 100 100 Z\"><\/path><\/svg><\/div><div class=\"fusion-section-separator-spacer\"><div class=\"fusion-section-separator-spacer-height\"><\/div><\/div><\/div><\/div><\/div><\/div><\/div><div class=\"fusion-fullwidth fullwidth-box fusion-builder-row-2 fusion-flex-container has-pattern-background nonhundred-percent-fullwidth non-hundred-percent-height-scrolling\" style=\"--awb-background-position:left top;--awb-border-sizes-top:0px;--awb-border-sizes-bottom:0px;--awb-border-sizes-left:0px;--awb-border-sizes-right:0px;--awb-border-radius-top-left:0px;--awb-border-radius-top-right:0px;--awb-border-radius-bottom-right:0px;--awb-border-radius-bottom-left:0px;--awb-padding-top:110px;--awb-padding-bottom:130px;--awb-padding-top-medium:90px;--awb-padding-bottom-medium:90px;--awb-padding-top-small:10px;--awb-margin-bottom-medium:0px;--awb-background-color:var(--awb-color1);--awb-flex-wrap:wrap;\" ><div class=\"fusion-builder-row fusion-row fusion-flex-align-items-stretch fusion-flex-justify-content-center fusion-flex-content-wrap\" style=\"max-width:calc( 1200px + 100px );margin-left: calc(-100px \/ 2 );margin-right: calc(-100px \/ 2 );\"><div class=\"fusion-layout-column fusion_builder_column fusion-builder-column-2 fusion_builder_column_3_4 3_4 fusion-flex-column fusion-flex-align-self-flex-start fusion-column-no-min-height fusion-animated\" style=\"--awb-bg-blend:overlay;--awb-bg-size:cover;--awb-width-large:75%;--awb-margin-top-large:0px;--awb-spacing-right-large:50px;--awb-margin-bottom-large:60px;--awb-spacing-left-large:50px;--awb-width-medium:80%;--awb-spacing-right-medium:50px;--awb-spacing-left-medium:50px;--awb-width-small:100%;--awb-spacing-right-small:50px;--awb-spacing-left-small:50px;\" data-animationType=\"fadeIn\" data-animationDuration=\"0.8\" data-animationOffset=\"top-into-view\"><div class=\"fusion-column-wrapper fusion-flex-justify-content-flex-start fusion-content-layout-column\"><div class=\"fusion-title title fusion-title-2 fusion-sep-none fusion-title-center fusion-title-text fusion-title-size-three\" style=\"--awb-margin-right:20px;--awb-margin-bottom:0px;--awb-margin-left:20px;\"><h3 class=\"fusion-title-heading title-heading-center\" style=\"margin:0;\"><h2 style=\"text-align: center;\">Bient\u00f4t, l&#8217;int\u00e9gralit\u00e9 du site sera pleinement op\u00e9rationnelle.<\/h2><\/h3><\/div><\/div><\/div><\/div><\/div><\/p>\n","protected":false},"excerpt":{"rendered":"","protected":false},"author":1,"featured_media":0,"parent":0,"menu_order":0,"comment_status":"closed","ping_status":"closed","template":"100-width.php","meta":{"om_disable_all_campaigns":false,"_uf_show_specific_survey":0,"_uf_disable_surveys":false,"footnotes":""},"class_list":["post-6","page","type-page","status-publish","hentry"],"aioseo_notices":[],"jetpack_sharing_enabled":true,"_links":{"self":[{"href":"https:\/\/mtmd.tn\/index.php\/wp-json\/wp\/v2\/pages\/6","targetHints":{"allow":["GET"]}}],"collection":[{"href":"https:\/\/mtmd.tn\/index.php\/wp-json\/wp\/v2\/pages"}],"about":[{"href":"https:\/\/mtmd.tn\/index.php\/wp-json\/wp\/v2\/types\/page"}],"author":[{"embeddable":true,"href":"https:\/\/mtmd.tn\/index.php\/wp-json\/wp\/v2\/users\/1"}],"replies":[{"embeddable":true,"href":"https:\/\/mtmd.tn\/index.php\/wp-json\/wp\/v2\/comments?post=6"}],"version-history":[{"count":6,"href":"https:\/\/mtmd.tn\/index.php\/wp-json\/wp\/v2\/pages\/6\/revisions"}],"predecessor-version":[{"id":2262,"href":"https:\/\/mtmd.tn\/index.php\/wp-json\/wp\/v2\/pages\/6\/revisions\/2262"}],"wp:attachment":[{"href":"https:\/\/mtmd.tn\/index.php\/wp-json\/wp\/v2\/media?parent=6"}],"curies":[{"name":"wp","href":"https:\/\/api.w.org\/{rel}","templated":true}]}}